{"id":7854,"date":"2020-10-30T15:07:11","date_gmt":"2020-10-30T15:07:11","guid":{"rendered":"https:\/\/testfirma.jrotermund.de\/?page_id=7854"},"modified":"2021-04-19T15:05:41","modified_gmt":"2021-04-19T13:05:41","slug":"reinigung","status":"publish","type":"page","link":"https:\/\/www.hrs-gbr.de\/index.php\/reinigung\/","title":{"rendered":"REINIGUNG"},"content":{"rendered":"\n<style type=\"text\/css\" data-created_by=\"avia_inline_auto\" id=\"style-css-av-2a19sc-9f73411faec57ce3cfdd234546e40bdc\">\n.flex_column.av-2a19sc-9f73411faec57ce3cfdd234546e40bdc{\n-webkit-border-radius:0px 0px 0px 0px;\n-moz-border-radius:0px 0px 0px 0px;\nborder-radius:0px 0px 0px 0px;\npadding:0px 0px 0px 0px;\n}\n<\/style>\n<div class='flex_column av-2a19sc-9f73411faec57ce3cfdd234546e40bdc av_one_half  avia-builder-el-0  el_before_av_one_half  avia-builder-el-first  first flex_column_div av-zero-column-padding '     ><section  class='av_textblock_section av-kgwget52-30d5c1bc6876800786b698a4647af88d'  itemscope=\"itemscope\" itemtype=\"https:\/\/schema.org\/CreativeWork\" ><div class='avia_textblock'  itemprop=\"text\" ><h3 data-fontsize=\"22\" data-lineheight=\"42\">Schwallwasserbeh\u00e4lter!<\/h3>\n<p>Die Schwallwasserbeh\u00e4lter nehmen Wasserschwankungen auf, die durch schwimmende Badeg\u00e4ste im Becken entstehen und bevorraten Wasser, das f\u00fcr die Filterr\u00fccksp\u00fclung verwendet wird. Insbesondere an den W\u00e4nden in der Wasserwechselzone lagern sich Verschmutzungen ab und f\u00fchren zu Keimen.<\/p>\n<p>Schwallwasserkammern, Sp\u00fclwasserbeh\u00e4lter im Schwimmbad m\u00fcssen regelm\u00e4\u00dfig gereinigt und desinfiziert werden. Zum einen hat die Desinfektion von Schwallwasserkammern eine wichtige Funktion f\u00fcr die Einhaltung der Hygiene. Zum anderen ziehen Oberfl\u00e4chen, die unprofessionell oder l\u00e4ngere Zeit nicht gereinigt wurden, hohe Kosten nach sich und k\u00f6nnen im Ernstfall zu Hygieneproblemen bis zur Schlie\u00dfung f\u00fchren.<\/p>\n<p>Bei der Reinigung der Beh\u00e4lter geht es nicht darum, m\u00f6glichst viel Druck auf die verschmutzten Stellen auszu\u00fcben, sondern vielmehr die richtigen Reinigungsmittel zu verwenden.<\/p>\n<\/div><\/section><\/div>\n\n<style type=\"text\/css\" data-created_by=\"avia_inline_auto\" id=\"style-css-av-3wb6h8-d66f9cf2ebe69190342289c402c3d606\">\n.flex_column.av-3wb6h8-d66f9cf2ebe69190342289c402c3d606{\n-webkit-border-radius:0px 0px 0px 0px;\n-moz-border-radius:0px 0px 0px 0px;\nborder-radius:0px 0px 0px 0px;\npadding:0px 0px 0px 0px;\n}\n<\/style>\n<div class='flex_column av-3wb6h8-d66f9cf2ebe69190342289c402c3d606 av_one_half  avia-builder-el-2  el_after_av_one_half  el_before_av_one_fifth  flex_column_div av-zero-column-padding '     ><p>\n<style type=\"text\/css\" data-created_by=\"avia_inline_auto\" id=\"style-css-av-knom2mai-a1ea3fb581c17adc0d21c7f4b7580e03\">\n#top .av-special-heading.av-knom2mai-a1ea3fb581c17adc0d21c7f4b7580e03{\npadding-bottom:10px;\n}\nbody .av-special-heading.av-knom2mai-a1ea3fb581c17adc0d21c7f4b7580e03 .av-special-heading-tag .heading-char{\nfont-size:25px;\n}\n.av-special-heading.av-knom2mai-a1ea3fb581c17adc0d21c7f4b7580e03 .av-subheading{\nfont-size:15px;\n}\n<\/style>\n<div  class='av-special-heading av-knom2mai-a1ea3fb581c17adc0d21c7f4b7580e03 av-special-heading-h3 blockquote modern-quote modern-centered  avia-builder-el-3  el_before_av_textblock  avia-builder-el-first '><h3 class='av-special-heading-tag'  itemprop=\"headline\"  >Desinfektion nach DVGW<\/h3><div class=\"special-heading-border\"><div class=\"special-heading-inner-border\"><\/div><\/div><\/div><br \/>\n<section  class='av_textblock_section av-kniilsxg-75029c44e260c079e34f8c5d72bd3574'  itemscope=\"itemscope\" itemtype=\"https:\/\/schema.org\/CreativeWork\" ><div class='avia_textblock'  itemprop=\"text\" >\n<div data-video-id=\"\" class='wp-block-html5-player-video html5_video_players' class=\"wp-block-html5-player-video\" data-nonce=\"a7c57f613c\" data-attributes=\"{&quot;provider&quot;:&quot;self-hosted&quot;,&quot;imported&quot;:false,&quot;clientId&quot;:&quot;&quot;,&quot;uniqueId&quot;:&quot;h5vp1&quot;,&quot;source&quot;:&quot;https:\\\/\\\/www.hrs-gbr.de\\\/wp-content\\\/uploads\\\/2021\\\/04\\\/reinigung.mp4&quot;,&quot;poster&quot;:&quot;&quot;,&quot;options&quot;:{&quot;controls&quot;:[&quot;play-large&quot;,&quot;restart&quot;,&quot;rewind&quot;,&quot;play&quot;,&quot;fast-forward&quot;,&quot;progress&quot;,&quot;current-time&quot;,&quot;mute&quot;,&quot;volume&quot;,&quot;settings&quot;,&quot;pip&quot;,&quot;download&quot;,&quot;fullscreen&quot;],&quot;settings&quot;:[&quot;captions&quot;,&quot;quality&quot;,&quot;speed&quot;,&quot;loop&quot;],&quot;loadSprite&quot;:true,&quot;autoplay&quot;:false,&quot;playsinline&quot;:true,&quot;seekTime&quot;:10,&quot;volume&quot;:1,&quot;muted&quot;:true,&quot;hideControls&quot;:true,&quot;resetOnEnd&quot;:false,&quot;tooltips&quot;:{&quot;controls&quot;:true,&quot;seek&quot;:true},&quot;captions&quot;:{&quot;active&quot;:false,&quot;language&quot;:&quot;auto&quot;,&quot;update&quot;:true},&quot;ratio&quot;:&quot;16:9&quot;,&quot;storage&quot;:{&quot;enabled&quot;:true,&quot;key&quot;:&quot;plyr&quot;},&quot;speed&quot;:{&quot;options&quot;:[&quot;0.5&quot;,&quot; 0.75&quot;,&quot; 1&quot;,&quot; 1.25&quot;,&quot; 1.5&quot;,&quot; 1.75&quot;,&quot; 2&quot;,&quot; 4&quot;]},&quot;loop&quot;:{&quot;active&quot;:false},&quot;ads&quot;:{&quot;enabled&quot;:true,&quot;tagUrl&quot;:null},&quot;urls&quot;:{&quot;enabled&quot;:false,&quot;download&quot;:null},&quot;markers&quot;:{&quot;enabled&quot;:false,&quot;points&quot;:[]},&quot;preload&quot;:&quot;metadata&quot;},&quot;features&quot;:{&quot;popup&quot;:{&quot;enabled&quot;:false,&quot;selector&quot;:null,&quot;hasBtn&quot;:false,&quot;type&quot;:&quot;poster&quot;,&quot;btnText&quot;:&quot;Watch Video&quot;,&quot;align&quot;:&quot;center&quot;,&quot;btnStyle&quot;:{&quot;color&quot;:&quot;#fff&quot;,&quot;backgroundColor&quot;:&quot;#006BA1&quot;,&quot;fontSize&quot;:&quot;16px&quot;,&quot;padding&quot;:{&quot;top&quot;:&quot;10px&quot;,&quot;right&quot;:&quot;20px&quot;,&quot;bottom&quot;:&quot;10px&quot;,&quot;left&quot;:&quot;20px&quot;}}},&quot;overlay&quot;:{&quot;enabled&quot;:false,&quot;items&quot;:[{&quot;color&quot;:&quot;#ffffff&quot;,&quot;backgroundColor&quot;:&quot;#333&quot;,&quot;fontSize&quot;:&quot;16px&quot;,&quot;link&quot;:&quot;&quot;,&quot;logo&quot;:null,&quot;text&quot;:&quot;&quot;,&quot;position&quot;:&quot;top_right&quot;,&quot;type&quot;:&quot;logo&quot;,&quot;opacity&quot;:0.7}]},&quot;endScreen&quot;:{&quot;enabled&quot;:false,&quot;text&quot;:&quot;End Screen Text&quot;,&quot;btnText&quot;:&quot;Visit&quot;,&quot;btnLink&quot;:&quot;&quot;,&quot;btnStyle&quot;:[]},&quot;thumbInPause&quot;:{&quot;enabled&quot;:false,&quot;type&quot;:&quot;default&quot;},&quot;watermark&quot;:{&quot;enabled&quot;:false,&quot;type&quot;:&quot;email&quot;,&quot;text&quot;:&quot;&quot;,&quot;color&quot;:&quot;#f00&quot;},&quot;passwordProtected&quot;:{&quot;enabled&quot;:false,&quot;errorMessage&quot;:&quot;Password didn&#039;t matched&quot;,&quot;heading&quot;:&quot;Please Entire the password to access the video&quot;,&quot;key&quot;:&quot;propagans_8165&quot;,&quot;button&quot;:{&quot;text&quot;:&quot;Access&quot;,&quot;color&quot;:&quot;#222&quot;,&quot;backgroundColor&quot;:&quot;#ffffffe3&quot;},&quot;password&quot;:null},&quot;sticky&quot;:{&quot;enabled&quot;:false,&quot;position&quot;:&quot;top_right&quot;},&quot;playWhenVisible&quot;:false,&quot;disablePause&quot;:false,&quot;hideYoutubeUI&quot;:false,&quot;startTime&quot;:0,&quot;hideLoadingPlaceholder&quot;:false,&quot;customPlayButtonSelector&quot;:&quot;&quot;,&quot;saveState&quot;:true},&quot;onlyLoggedIn&quot;:{&quot;whoCanSeeThisVideo&quot;:&quot;everyone&quot;,&quot;allowedRoles&quot;:[],&quot;message&quot;:&quot;This video is only for registered users. Please login to view the video.&quot;},&quot;seo&quot;:{&quot;name&quot;:&quot;&quot;,&quot;description&quot;:&quot;&quot;,&quot;duration&quot;:0},&quot;qualities&quot;:null,&quot;thumbInPause&quot;:false,&quot;hideYoutubeUI&quot;:false,&quot;additionalCSS&quot;:&quot;&quot;,&quot;additionalID&quot;:&quot;&quot;,&quot;autoplayWhenVisible&quot;:false,&quot;styles&quot;:{&quot;plyr_wrapper&quot;:{&quot;width&quot;:&quot;250px&quot;,&quot;borderRadius&quot;:&quot;0px&quot;,&quot;overflow&quot;:&quot;hidden&quot;},&quot;.plyr&quot;:{&quot;--plyr-color-main&quot;:&quot;#00b2ff&quot;}},&quot;CSS&quot;:&quot;&quot;,&quot;isCDURL&quot;:false,&quot;CDURL&quot;:&quot;&quot;,&quot;posterTime&quot;:20,&quot;brandColor&quot;:&quot;#00B3FF&quot;,&quot;radius&quot;:{&quot;number&quot;:0,&quot;unit&quot;:&quot;px&quot;},&quot;protected&quot;:false,&quot;password&quot;:&quot;&quot;,&quot;protectedText&quot;:&quot;Please enter password to wath the video&quot;,&quot;seekTime&quot;:10,&quot;startTime&quot;:0,&quot;preload&quot;:&quot;metadata&quot;,&quot;streaming&quot;:false,&quot;streamingType&quot;:&quot;hls&quot;,&quot;captionEnabled&quot;:false,&quot;vastTag&quot;:&quot;&quot;,&quot;saveState&quot;:true,&quot;quality&quot;:[],&quot;subtitle&quot;:[{&quot;label&quot;:&quot;English\\\/en&quot;,&quot;caption_file&quot;:&quot;&quot;}],&quot;chapters&quot;:[],&quot;controls&quot;:{&quot;play-large&quot;:true,&quot;restart&quot;:false,&quot;rewind&quot;:false,&quot;play&quot;:true,&quot;fast-forward&quot;:false,&quot;progress&quot;:true,&quot;current-time&quot;:true,&quot;duration&quot;:false,&quot;mute&quot;:true,&quot;volume&quot;:true,&quot;pip&quot;:false,&quot;airplay&quot;:false,&quot;settings&quot;:true,&quot;downlaod&quot;:false,&quot;fullscreen&quot;:true},&quot;width&quot;:{&quot;deprecated&quot;:true,&quot;number&quot;:100,&quot;unit&quot;:&quot;%&quot;},&quot;repeat&quot;:false,&quot;autoplay&quot;:false,&quot;muted&quot;:false,&quot;sticky&quot;:false,&quot;stickyPosition&quot;:&quot;top-right&quot;,&quot;popup&quot;:false,&quot;popupType&quot;:&quot;button&quot;,&quot;playsinline&quot;:false,&quot;popupBtnStyle&quot;:{&quot;color&quot;:&quot;#fff&quot;,&quot;backgroundColor&quot;:&quot;#006BA1&quot;,&quot;fontSize&quot;:&quot;16px&quot;,&quot;padding&quot;:{&quot;top&quot;:&quot;10px&quot;,&quot;right&quot;:&quot;20px&quot;,&quot;bottom&quot;:&quot;10px&quot;,&quot;left&quot;:&quot;20px&quot;},&quot;align&quot;:&quot;center&quot;},&quot;popupBtnText&quot;:&quot;Watch Video&quot;,&quot;disablePause&quot;:false,&quot;thumbStyle&quot;:&quot;default&quot;,&quot;resetOnEnd&quot;:false,&quot;autoHideControl&quot;:true,&quot;overlay&quot;:false,&quot;overlayPosition&quot;:&quot;top_right&quot;,&quot;overlayBackground&quot;:&quot;#333&quot;,&quot;overlayOpacity&quot;:0.8,&quot;overlayTextColor&quot;:&quot;#ffffff&quot;,&quot;overlayFontSize&quot;:{&quot;number&quot;:20,&quot;unit&quot;:&quot;px&quot;},&quot;overlayTextHoverColor&quot;:&quot;#ffffff&quot;,&quot;endScreen&quot;:{&quot;enabled&quot;:false,&quot;text&quot;:&quot;Simple Text&quot;,&quot;btnText&quot;:&quot;Watch Again&quot;,&quot;btnLink&quot;:&quot;&quot;,&quot;btnStyle&quot;:[]},&quot;endscreen&quot;:false,&quot;endscreenText&quot;:&quot;Endscreen text&quot;,&quot;endscreenTextLink&quot;:&quot;#&quot;,&quot;speed&quot;:{&quot;1&quot;:true,&quot;2&quot;:true,&quot;3&quot;:true,&quot;0.5&quot;:true,&quot;0.75&quot;:true,&quot;1.25&quot;:true,&quot;1.5&quot;:true,&quot;1.75&quot;:true,&quot;2.5&quot;:true}}\" >\n    <style>\n        .preload_poster svg {background: var(--plyr-video-control-background-hover, var(--plyr-color-main, var(--plyr-color-main, #1ABAFF)));border: 0;border-radius: 100%;left: 50%;opacity: .9;padding: calc(var(--plyr-control-spacing, 8px) * 1.5);position: absolute;top: 50%;transform: translate(-50%, -50%);transition: .3s;z-index: 2;box-sizing: content-box;fill: #fff;}\n        .preload_poster {display: block}\n    <\/style>\n    <div class=\"preload_poster\" style=\"overflow:hidden;aspect-ratio:16:9;background-image:url()\">\n        <svg width=\"24px\" height=\"24px\" viewBox=\"0 0 15 15\" fill=\"none\" xmlns=\"http:\/\/www.w3.org\/2000\/svg\">\n            <path d=\"M4.79062 2.09314C4.63821 1.98427 4.43774 1.96972 4.27121 2.05542C4.10467 2.14112 4 2.31271 4 2.5V12.5C4 12.6873 4.10467 12.8589 4.27121 12.9446C4.43774 13.0303 4.63821 13.0157 4.79062 12.9069L11.7906 7.90687C11.922 7.81301 12 7.66148 12 7.5C12 7.33853 11.922 7.18699 11.7906 7.09314L4.79062 2.09314Z\" \/>\n        <\/svg>\n    <\/div>\n<\/div>\n\n\n<\/div><\/section><\/p><\/div>\n<style type=\"text\/css\" data-created_by=\"avia_inline_auto\" id=\"style-css-av-3xi9ek-3d0d7e4286a978be7d0f98fb31198585\">\n.flex_column.av-3xi9ek-3d0d7e4286a978be7d0f98fb31198585{\n-webkit-border-radius:0px 0px 0px 0px;\n-moz-border-radius:0px 0px 0px 0px;\nborder-radius:0px 0px 0px 0px;\npadding:0px 0px 0px 0px;\n}\n<\/style>\n<div class='flex_column av-3xi9ek-3d0d7e4286a978be7d0f98fb31198585 av_one_fifth  avia-builder-el-5  el_after_av_one_half  el_before_av_four_fifth  first flex_column_div av-zero-column-padding column-top-margin'     ><style type=\"text\/css\" data-created_by=\"avia_inline_auto\" id=\"style-css-av-kng2ywjq-67403cfb7626e97185bf6599d206b732\">\n#top .av-special-heading.av-kng2ywjq-67403cfb7626e97185bf6599d206b732{\npadding-bottom:10px;\n}\nbody .av-special-heading.av-kng2ywjq-67403cfb7626e97185bf6599d206b732 .av-special-heading-tag .heading-char{\nfont-size:25px;\n}\n.av-special-heading.av-kng2ywjq-67403cfb7626e97185bf6599d206b732 .av-subheading{\nfont-size:15px;\n}\n<\/style>\n<div  class='av-special-heading av-kng2ywjq-67403cfb7626e97185bf6599d206b732 av-special-heading-h3  avia-builder-el-6  avia-builder-el-no-sibling '><h3 class='av-special-heading-tag'  itemprop=\"headline\"  >Anwendung:<\/h3><div class=\"special-heading-border\"><div class=\"special-heading-inner-border\"><\/div><\/div><\/div><\/div><\/p>\n\n<style type=\"text\/css\" data-created_by=\"avia_inline_auto\" id=\"style-css-av-2mtvks-9333ee16be9a97a12d42eb5fbc7b4bda\">\n.flex_column.av-2mtvks-9333ee16be9a97a12d42eb5fbc7b4bda{\n-webkit-border-radius:0px 0px 0px 0px;\n-moz-border-radius:0px 0px 0px 0px;\nborder-radius:0px 0px 0px 0px;\npadding:0px 0px 0px 0px;\n}\n<\/style>\n<div class='flex_column av-2mtvks-9333ee16be9a97a12d42eb5fbc7b4bda av_four_fifth  avia-builder-el-7  el_after_av_one_fifth  avia-builder-el-last  flex_column_div av-zero-column-padding column-top-margin'     ><style type=\"text\/css\" data-created_by=\"avia_inline_auto\" id=\"style-css-av-knh4z0tn-93a1ea0175705f353dcd7c8fbf758c80\">\n#top .avia-gallery.av-knh4z0tn-93a1ea0175705f353dcd7c8fbf758c80 .avia-gallery-thumb a{\nwidth:20%;\n}\n<\/style>\n<div  class='avia-gallery av-knh4z0tn-93a1ea0175705f353dcd7c8fbf758c80 avia_animate_when_visible  avia-builder-el-8  avia-builder-el-no-sibling  avia_lazyload avia-gallery-animate avia-gallery-1'  itemprop=\"image\" itemscope=\"itemscope\" itemtype=\"https:\/\/schema.org\/ImageObject\" ><meta itemprop=\"contentURL\" content=\"https:\/\/www.hrs-gbr.de\/index.php\/reinigung\/\"><div class='avia-gallery-thumb'><a href=\"https:\/\/www.hrs-gbr.de\/wp-content\/uploads\/2021\/04\/06_Reinigung.jpg\" data-srcset=\"https:\/\/www.hrs-gbr.de\/wp-content\/uploads\/2021\/04\/06_Reinigung.jpg 1024w, https:\/\/www.hrs-gbr.de\/wp-content\/uploads\/2021\/04\/06_Reinigung-300x111.jpg 300w, https:\/\/www.hrs-gbr.de\/wp-content\/uploads\/2021\/04\/06_Reinigung-768x285.jpg 768w, https:\/\/www.hrs-gbr.de\/wp-content\/uploads\/2021\/04\/06_Reinigung-705x262.jpg 705w\" data-sizes=\"(max-width: 1024px) 100vw, 1024px\" data-rel='gallery-1' data-prev-img='https:\/\/www.hrs-gbr.de\/wp-content\/uploads\/2021\/04\/06_Reinigung-495x380.jpg' class='first_thumb lightbox ' data-onclick='1' title='06_Reinigung'  itemprop=\"thumbnailUrl\"  ><img decoding=\"async\" class=\"wp-image-8070 avia-img-lazy-loading-not-8070\"   src=\"https:\/\/www.hrs-gbr.de\/wp-content\/uploads\/2021\/04\/06_Reinigung-495x380.jpg\" width=\"495\" height=\"380\"  title='06_Reinigung' alt='' \/><div class='big-prev-fake'><img loading=\"lazy\" decoding=\"async\" class=\"wp-image-8070 avia-img-lazy-loading-8070\"  width=\"495\" height=\"380\" src=\"https:\/\/www.hrs-gbr.de\/wp-content\/uploads\/2021\/04\/06_Reinigung-495x380.jpg\" title='06_Reinigung' alt='' \/><\/div><\/a><a href=\"https:\/\/www.hrs-gbr.de\/wp-content\/uploads\/2021\/04\/01_Reinigung.jpg\" data-srcset=\"https:\/\/www.hrs-gbr.de\/wp-content\/uploads\/2021\/04\/01_Reinigung.jpg 1024w, https:\/\/www.hrs-gbr.de\/wp-content\/uploads\/2021\/04\/01_Reinigung-300x198.jpg 300w, https:\/\/www.hrs-gbr.de\/wp-content\/uploads\/2021\/04\/01_Reinigung-768x508.jpg 768w, https:\/\/www.hrs-gbr.de\/wp-content\/uploads\/2021\/04\/01_Reinigung-705x466.jpg 705w\" data-sizes=\"(max-width: 1024px) 100vw, 1024px\" data-rel='gallery-1' data-prev-img='https:\/\/www.hrs-gbr.de\/wp-content\/uploads\/2021\/04\/01_Reinigung-495x400.jpg' class='lightbox ' data-onclick='2' title='01_Reinigung'  itemprop=\"thumbnailUrl\"  ><img decoding=\"async\" class=\"wp-image-8071 avia-img-lazy-loading-not-8071\"   src=\"https:\/\/www.hrs-gbr.de\/wp-content\/uploads\/2021\/04\/01_Reinigung-495x400.jpg\" width=\"495\" height=\"400\"  title='01_Reinigung' alt='' \/><div class='big-prev-fake'><img loading=\"lazy\" decoding=\"async\" class=\"wp-image-8071 avia-img-lazy-loading-8071\"  width=\"495\" height=\"400\" src=\"https:\/\/www.hrs-gbr.de\/wp-content\/uploads\/2021\/04\/01_Reinigung-495x400.jpg\" title='01_Reinigung' alt='' \/><\/div><\/a><a href=\"https:\/\/www.hrs-gbr.de\/wp-content\/uploads\/2021\/04\/02_Reinigung.jpg\" data-srcset=\"https:\/\/www.hrs-gbr.de\/wp-content\/uploads\/2021\/04\/02_Reinigung.jpg 1024w, https:\/\/www.hrs-gbr.de\/wp-content\/uploads\/2021\/04\/02_Reinigung-300x112.jpg 300w, https:\/\/www.hrs-gbr.de\/wp-content\/uploads\/2021\/04\/02_Reinigung-768x286.jpg 768w, https:\/\/www.hrs-gbr.de\/wp-content\/uploads\/2021\/04\/02_Reinigung-705x262.jpg 705w\" data-sizes=\"(max-width: 1024px) 100vw, 1024px\" data-rel='gallery-1' data-prev-img='https:\/\/www.hrs-gbr.de\/wp-content\/uploads\/2021\/04\/02_Reinigung-495x381.jpg' class='lightbox ' data-onclick='3' title='02_Reinigung'  itemprop=\"thumbnailUrl\"  ><img decoding=\"async\" class=\"wp-image-8072 avia-img-lazy-loading-not-8072\"   src=\"https:\/\/www.hrs-gbr.de\/wp-content\/uploads\/2021\/04\/02_Reinigung-495x381.jpg\" width=\"495\" height=\"381\"  title='02_Reinigung' alt='' \/><div class='big-prev-fake'><img loading=\"lazy\" decoding=\"async\" class=\"wp-image-8072 avia-img-lazy-loading-8072\"  width=\"495\" height=\"381\" src=\"https:\/\/www.hrs-gbr.de\/wp-content\/uploads\/2021\/04\/02_Reinigung-495x381.jpg\" title='02_Reinigung' alt='' \/><\/div><\/a><a href=\"https:\/\/www.hrs-gbr.de\/wp-content\/uploads\/2021\/04\/03_Reinigung.jpg\" data-srcset=\"https:\/\/www.hrs-gbr.de\/wp-content\/uploads\/2021\/04\/03_Reinigung.jpg 1024w, https:\/\/www.hrs-gbr.de\/wp-content\/uploads\/2021\/04\/03_Reinigung-300x170.jpg 300w, https:\/\/www.hrs-gbr.de\/wp-content\/uploads\/2021\/04\/03_Reinigung-768x434.jpg 768w, https:\/\/www.hrs-gbr.de\/wp-content\/uploads\/2021\/04\/03_Reinigung-705x399.jpg 705w\" data-sizes=\"(max-width: 1024px) 100vw, 1024px\" data-rel='gallery-1' data-prev-img='https:\/\/www.hrs-gbr.de\/wp-content\/uploads\/2021\/04\/03_Reinigung-495x400.jpg' class='lightbox ' data-onclick='4' title='03_Reinigung'  itemprop=\"thumbnailUrl\"  ><img decoding=\"async\" class=\"wp-image-8073 avia-img-lazy-loading-not-8073\"   src=\"https:\/\/www.hrs-gbr.de\/wp-content\/uploads\/2021\/04\/03_Reinigung-495x400.jpg\" width=\"495\" height=\"400\"  title='03_Reinigung' alt='' \/><div class='big-prev-fake'><img loading=\"lazy\" decoding=\"async\" class=\"wp-image-8073 avia-img-lazy-loading-8073\"  width=\"495\" height=\"400\" src=\"https:\/\/www.hrs-gbr.de\/wp-content\/uploads\/2021\/04\/03_Reinigung-495x400.jpg\" title='03_Reinigung' alt='' \/><\/div><\/a><a href=\"https:\/\/www.hrs-gbr.de\/wp-content\/uploads\/2021\/04\/05_Reinigung.jpg\" data-srcset=\"https:\/\/www.hrs-gbr.de\/wp-content\/uploads\/2021\/04\/05_Reinigung.jpg 1024w, https:\/\/www.hrs-gbr.de\/wp-content\/uploads\/2021\/04\/05_Reinigung-300x111.jpg 300w, https:\/\/www.hrs-gbr.de\/wp-content\/uploads\/2021\/04\/05_Reinigung-768x285.jpg 768w, https:\/\/www.hrs-gbr.de\/wp-content\/uploads\/2021\/04\/05_Reinigung-705x262.jpg 705w\" data-sizes=\"(max-width: 1024px) 100vw, 1024px\" data-rel='gallery-1' data-prev-img='https:\/\/www.hrs-gbr.de\/wp-content\/uploads\/2021\/04\/05_Reinigung-495x380.jpg' class='lightbox ' data-onclick='5' title='05_Reinigung'  itemprop=\"thumbnailUrl\"  ><img decoding=\"async\" class=\"wp-image-8074 avia-img-lazy-loading-not-8074\"   src=\"https:\/\/www.hrs-gbr.de\/wp-content\/uploads\/2021\/04\/05_Reinigung-495x380.jpg\" width=\"495\" height=\"380\"  title='05_Reinigung' alt='' \/><div class='big-prev-fake'><img loading=\"lazy\" decoding=\"async\" class=\"wp-image-8074 avia-img-lazy-loading-8074\"  width=\"495\" height=\"380\" src=\"https:\/\/www.hrs-gbr.de\/wp-content\/uploads\/2021\/04\/05_Reinigung-495x380.jpg\" title='05_Reinigung' alt='' \/><\/div><\/a><\/div><\/div><\/div>\n","protected":false},"excerpt":{"rendered":"","protected":false},"author":2,"featured_media":0,"parent":0,"menu_order":4,"comment_status":"closed","ping_status":"closed","template":"","meta":{"footnotes":""},"class_list":["post-7854","page","type-page","status-publish","hentry"],"_links":{"self":[{"href":"https:\/\/www.hrs-gbr.de\/index.php\/wp-json\/wp\/v2\/pages\/7854","targetHints":{"allow":["GET"]}}],"collection":[{"href":"https:\/\/www.hrs-gbr.de\/index.php\/wp-json\/wp\/v2\/pages"}],"about":[{"href":"https:\/\/www.hrs-gbr.de\/index.php\/wp-json\/wp\/v2\/types\/page"}],"author":[{"embeddable":true,"href":"https:\/\/www.hrs-gbr.de\/index.php\/wp-json\/wp\/v2\/users\/2"}],"replies":[{"embeddable":true,"href":"https:\/\/www.hrs-gbr.de\/index.php\/wp-json\/wp\/v2\/comments?post=7854"}],"version-history":[{"count":12,"href":"https:\/\/www.hrs-gbr.de\/index.php\/wp-json\/wp\/v2\/pages\/7854\/revisions"}],"predecessor-version":[{"id":8144,"href":"https:\/\/www.hrs-gbr.de\/index.php\/wp-json\/wp\/v2\/pages\/7854\/revisions\/8144"}],"wp:attachment":[{"href":"https:\/\/www.hrs-gbr.de\/index.php\/wp-json\/wp\/v2\/media?parent=7854"}],"curies":[{"name":"wp","href":"https:\/\/api.w.org\/{rel}","templated":true}]}}