{"id":7862,"date":"2020-10-30T15:08:53","date_gmt":"2020-10-30T15:08:53","guid":{"rendered":"https:\/\/testfirma.jrotermund.de\/?page_id=7862"},"modified":"2021-04-13T18:17:29","modified_gmt":"2021-04-13T16:17:29","slug":"reinigung-entleerung-der-spuelabwasserbehaelter","status":"publish","type":"page","link":"https:\/\/www.hrs-gbr.de\/index.php\/reinigung\/reinigung-entleerung-der-spuelabwasserbehaelter\/","title":{"rendered":"Reinigung Sp\u00fclwasservorratsbeh\u00e4lter"},"content":{"rendered":"\n<style type=\"text\/css\" data-created_by=\"avia_inline_auto\" id=\"style-css-av-av_heading-2e5d3b2348c68dbf0a110b4b674f05fd\">\n#top .av-special-heading.av-av_heading-2e5d3b2348c68dbf0a110b4b674f05fd{\npadding-bottom:10px;\n}\nbody .av-special-heading.av-av_heading-2e5d3b2348c68dbf0a110b4b674f05fd .av-special-heading-tag .heading-char{\nfont-size:25px;\n}\n.av-special-heading.av-av_heading-2e5d3b2348c68dbf0a110b4b674f05fd .av-subheading{\nfont-size:15px;\n}\n<\/style>\n<div  class='av-special-heading av-av_heading-2e5d3b2348c68dbf0a110b4b674f05fd av-special-heading-h3 blockquote modern-quote  avia-builder-el-0  el_before_av_textblock  avia-builder-el-first '><h3 class='av-special-heading-tag'  itemprop=\"headline\"  >Reinigung Sp\u00fclwasservorratsbeh\u00e4lter<\/h3><div class=\"special-heading-border\"><div class=\"special-heading-inner-border\"><\/div><\/div><\/div>\n<section  class='av_textblock_section av-kgwfgu8c-1191cf9be1c9518143b55207fbed07d5'  itemscope=\"itemscope\" itemtype=\"https:\/\/schema.org\/CreativeWork\" ><div class='avia_textblock'  itemprop=\"text\" ><p><span style=\"font-family: Times New Roman, serif;\"><span style=\"font-size: medium;\">Aufgrund der dort vorherrschenden Verschmutzungen und bedingt durch die meist zu kleinen und ung\u00fcnstig positionierten Zug\u00e4nge sind bei der Reinigung besondere <\/span><\/span><strong><span style=\"font-family: Times New Roman, serif;\"><span style=\"font-size: medium;\">Arbeitsschutzvorschriften<\/span><\/span><\/strong><span style=\"font-family: Times New Roman, serif;\"><span style=\"font-size: medium;\"> f\u00fcr das Personal zu beachten.<\/span><\/span><\/p>\n<p><span style=\"font-family: Times New Roman, serif;\"><span style=\"font-size: medium;\">Deshalb hat der Arbeitgeber vor der Reinigung und Desinfektion eine Gef\u00e4hrdungsbeurteilung f\u00fcr die Mitarbeiter durchzuf\u00fchren.<\/span><\/span><\/p>\n<p><span style=\"font-family: Times New Roman, serif;\"><span style=\"font-size: medium;\">Bei der Reinigung dieser Beh\u00e4lter sind f\u00fcr das durchf\u00fchrende Personal spezielle Sicherheitsma\u00dfnahmen notwendig. Hierzu geh\u00f6rt das Tragen von speziellen Schutzanz\u00fcgen sowie die Nutzung von raumluftunabh\u00e4ngigen Atemschutzger\u00e4ten. Normale Atemschutzmasken sind daf\u00fcr nicht ausreichend, da sie nur kurzzeitig Schutz bieten. (Fluchtmasken)<\/span><\/span><\/p>\n<p><span style=\"font-family: Times New Roman, serif;\"><span style=\"font-size: medium;\">Weiterhin muss bei der Reinigungst\u00e4tigkeit eine 2. Person als Sicherungsposten eingesetzt werden. Dieser muss mit dem im Beh\u00e4lter t\u00e4tigen Mitarbeiter in st\u00e4ndigem Kontakt bleiben. Er muss in die Gefahren der T\u00e4tigkeit eingewiesen und jederzeit in der Lage sein Hilfe herbeizuholen und auch \u00fcber die Notwendigen Sicherheitsausr\u00fcstungen verf\u00fcgen.<\/span><\/span><\/p>\n<p><span style=\"font-family: Times New Roman, serif;\"><span style=\"font-size: medium;\">Diese Beh\u00e4lter werden von uns gereinigt und anschlie\u00dfend desinfiziert.<\/span><\/span><\/p>\n<p><span style=\"font-family: Times New Roman, serif;\"><span style=\"font-size: medium;\">Auch hier nur Reinigung und Desinfektion mit Sicherheitsausr\u00fcstungen wie bei Punkt 1.<\/span><\/span><\/p>\n<p><span style=\"font-family: Times New Roman, serif;\"><span style=\"font-size: medium;\">Verwendung spezieller Reiniger f\u00fcr die jeweiligen Verschmutzungen und der verwendeten Oberfl\u00e4chenmaterialien.<\/span><\/span><\/p>\n<\/div><\/section>\n","protected":false},"excerpt":{"rendered":"","protected":false},"author":2,"featured_media":0,"parent":7854,"menu_order":2,"comment_status":"closed","ping_status":"closed","template":"","meta":{"footnotes":""},"class_list":["post-7862","page","type-page","status-publish","hentry"],"_links":{"self":[{"href":"https:\/\/www.hrs-gbr.de\/index.php\/wp-json\/wp\/v2\/pages\/7862","targetHints":{"allow":["GET"]}}],"collection":[{"href":"https:\/\/www.hrs-gbr.de\/index.php\/wp-json\/wp\/v2\/pages"}],"about":[{"href":"https:\/\/www.hrs-gbr.de\/index.php\/wp-json\/wp\/v2\/types\/page"}],"author":[{"embeddable":true,"href":"https:\/\/www.hrs-gbr.de\/index.php\/wp-json\/wp\/v2\/users\/2"}],"replies":[{"embeddable":true,"href":"https:\/\/www.hrs-gbr.de\/index.php\/wp-json\/wp\/v2\/comments?post=7862"}],"version-history":[{"count":3,"href":"https:\/\/www.hrs-gbr.de\/index.php\/wp-json\/wp\/v2\/pages\/7862\/revisions"}],"predecessor-version":[{"id":8052,"href":"https:\/\/www.hrs-gbr.de\/index.php\/wp-json\/wp\/v2\/pages\/7862\/revisions\/8052"}],"up":[{"embeddable":true,"href":"https:\/\/www.hrs-gbr.de\/index.php\/wp-json\/wp\/v2\/pages\/7854"}],"wp:attachment":[{"href":"https:\/\/www.hrs-gbr.de\/index.php\/wp-json\/wp\/v2\/media?parent=7862"}],"curies":[{"name":"wp","href":"https:\/\/api.w.org\/{rel}","templated":true}]}}